{"id":1311,"date":"2021-01-21T07:11:16","date_gmt":"2021-01-21T07:11:16","guid":{"rendered":"https:\/\/tekkaplan.com\/?page_id=1311"},"modified":"2021-03-11T14:28:40","modified_gmt":"2021-03-11T11:28:40","slug":"gizlilik-sozlesmesi","status":"publish","type":"page","link":"https:\/\/serowax.com\/en\/gizlilik-sozlesmesi\/","title":{"rendered":"Gizlilik S\u00f6zle\u015fmesi"},"content":{"rendered":"<p>TARAFLAR<br \/>\n1.a) \u0130\u015fbu gizlilik s\u00f6zle\u015fmesi Serowax ile \u201c\u00fcye\u201d aras\u0131nda yap\u0131lm\u0131\u015f olup; \u00fcyenin, Serowax\u2019un b\u00fcnyesinde faaliyet g\u00f6steren, www.Serowax.com isimli web sitesinde sunulan hizmetlerden faydalanmas\u0131na ili\u015fkin ko\u015fullar\u0131 ihtiva etmektedir.<br \/>\n1.b) Serowax\u2019un ile \u201c\u00fcye\u201d m\u00fcnferiden \u201ctaraf\u201d; m\u00fc\u015ftereken \u201ctaraflar\u201d olarak isimlendirilecektir.<br \/>\n2. \u00dcYEL\u0130K S\u00d6ZLE\u015eMES\u0130N\u0130N KONUSU<br \/>\n2.a) \u0130\u015fbu S\u00f6zle\u015fme\u2019nin konusu Serowax\u2019un sahip oldu\u011fu www.Serowax.com web sitesinin genel kullan\u0131m \u015fartlar\u0131, kurallar, \u00fcyenin faydalanma \u015fartlar\u0131n\u0131n ve yasal sorumluluklar\u0131n belirlenmesidir.<br \/>\n2.b) \u0130\u015fbu \u00dcyelik S\u00f6zle\u015fme uyar\u0131nca \u00dcye, Serowax taraf\u0131ndan y\u00f6netilmekte olan www.Serowax.com adl\u0131 elektronik ticaret platformuna \u00fcye olmak ve bu platformda bulunan Sanal Ma\u011fazada sat\u0131lan \u00fcr\u00fcn ve\/veya hizmetleri sat\u0131n almak istemektedir.<br \/>\n2.c) Taraflar aras\u0131nda s\u00f6zle\u015fmesel ili\u015fkinin kurulabilmesi i\u00e7in, \u00dcye\u2019nin www.Serowax.com web sitesinde \u00fcyeden istenen bilgilerin doldurulmas\u0131, belirleyece\u011fi \u015fifreyi girmesi ve belirtilen onay ve izinleri vermesi gerekmektedir. \u00dcyelik bilgilerinde herhangi bir eksiklik olmas\u0131 halinde \u00fcye, Serowax\u2019un m\u00fc\u015fteri hizmetlerini arayabilir veya web sitesi \u00fczerinden \u00fcyelik bilgilerini g\u00fcncelleyebilir. Aksi durum halinde Serowax\u2019un herhangi bir sorumlulu\u011fu bulunmad\u0131\u011f\u0131n\u0131 \u00fcye i\u015fbu s\u00f6zle\u015fmeye onay vermekle kabul etmektedir.<br \/>\n2.d) \u00dcye, www.Serowax.com web sitesine \u00fcye olurken verdi\u011fi ki\u015fisel ve di\u011fer sair bilgilerin do\u011fru oldu\u011funu; bilgilerin do\u011fru olmamas\u0131 halinde Serowax\u2019un herhangi bir sorumlulu\u011funun bulunmad\u0131\u011f\u0131n\u0131 kabul ve taahh\u00fct eder. S\u00f6z konusu \u00dcyelik S\u00f6zle\u015fmesi\u2019ni doldururken do\u011fru ve g\u00fcncel bilgi sa\u011flamayan \u00dcye, bu sebeple do\u011fabilecek t\u00fcm zararlardan bizzat sorumludur.<br \/>\n2.e) \u00dcyenin, Web sitesi \u00fczerinden g\u00f6r\u00fcnt\u00fcledi\u011fi \u00fcr\u00fcn ve ilanlarla ilgili herhangi bir hukuki i\u015flem veya sat\u0131n alma s\u00fcreci ba\u015flatmak istemesi halinde, web sitesinde yer alanlar da dahil olmak \u00fczere t\u00fcm gerekli yasal y\u00fck\u00fcml\u00fcl\u00fckler ile yasal prosed\u00fcrleri yerine getirmek zorunda oldu\u011funu, s\u00f6z konusu y\u00fck\u00fcml\u00fcl\u00fckler ve prosed\u00fcrlerle ilgili olarak Serowax\u2019un herhangi bir bilgi ve sorumlulu\u011funun bulunmad\u0131\u011f\u0131n\u0131 kabul ve beyan eder.<br \/>\n2.f) \u00dcyelerin www.Serowax.com web sitesinden ger\u00e7ekle\u015ftirdi\u011fi t\u00fcm kredi kart\u0131 ve banka kart\u0131 i\u015flemleri ve onaylar\u0131, ilgili Banka, Kredi Kurulu\u015fu ve\/veya \u00d6deme Hizmet Sa\u011flay\u0131c\u0131lar\u0131 ile \u00dcyeler aras\u0131nda online ortamda ger\u00e7ekle\u015ftirilmektedir. \u0130\u015fbu \u00f6deme i\u015flemlerinin herhangi biri Serowax\u2019un taraf\u0131ndan ger\u00e7ekle\u015ftirilmemektedir. Bu nedenle Serowax\u2019un, \u00dcyelerin, kredi kart\u0131 vs. \u00f6deme arac\u0131 \u015fifrelerini, \u00fcyenin talebi olmad\u0131\u011f\u0131 s\u00fcrece kesinlikle g\u00f6rmemekte ve kaydetmemektedir. Ancak \u00fcye taraf\u0131ndan \u201cH\u0131zl\u0131 al\u0131\u015fveri\u015f yap\u0131lmas\u0131 konusunda kredi kart\u0131 bilgilerinin Serowax\u2019un b\u00fcnyesine kayd\u0131 yap\u0131lmas\u0131\u201d hususunun m\u00fc\u015fteri taraf\u0131ndan onaylanmas\u0131 durumunda, bu bilgilerin i\u015fbu s\u00f6zle\u015fme \u015fartlar\u0131 kapsam\u0131nda korunmas\u0131ndan Serowax\u2019un sorumludur.<br \/>\n2.g) \u00dcye, web sitesi \u00fczerinde ger\u00e7ekle\u015ftirdi\u011fi i\u015flemlerde ve yaz\u0131\u015fmalarda, i\u015fbu \u00dcyelik S\u00f6zle\u015fmesi\u2019nin h\u00fck\u00fcmlerine, web sitesinde belirtilen t\u00fcm ko\u015fullara, y\u00fcr\u00fcrl\u00fckteki mevzuata ve ahlak kurallar\u0131na uygun olarak hareket edece\u011fini kabul ve taahh\u00fct etti\u011fini beyan eder. \u00dcyenin, web sitesi d\u00e2hilinde yapt\u0131\u011f\u0131 i\u015flem ve eylemlere ili\u015fkin hukuki ve cezai sorumluluk kendisine aittir. Serowax\u2019un, y\u00fcr\u00fcrl\u00fckteki mevzuat uyar\u0131nca yetkili makamlar\u0131n talebi halinde, \u00dcyenin kendisinde bulunan bilgilerini s\u00f6z konusu makamlarla payla\u015fabilecektir.<br \/>\n2.h) Serowax\u2019un, www.Serowax.com web sitesinin vir\u00fcs ve benzeri ama\u00e7l\u0131 yaz\u0131l\u0131mlardan ar\u0131nd\u0131r\u0131lm\u0131\u015f olmas\u0131 i\u00e7in mevcut imk\u00e2nlar dahlinde tedbir al\u0131nm\u0131\u015ft\u0131r. Bunun yan\u0131nda nihai g\u00fcvenli\u011fin sa\u011flanmas\u0131 i\u00e7in \u00dcyenin, kendi vir\u00fcs koruma sistemini tedarik etmesi ve gerekli korunmay\u0131 sa\u011flamas\u0131 gerekmektedir. Bu ba\u011flamda \u00fcyenin www.Serowax.com web sitesine girmesiyle, kendi yaz\u0131l\u0131m ve i\u015fletim sistemlerinde olu\u015fabilecek t\u00fcm hata ve bunlar\u0131n do\u011frudan ya da dolayl\u0131 sonu\u00e7lar\u0131ndan kendisinin sorumlu oldu\u011funu kabul etmi\u015f say\u0131l\u0131r.<br \/>\n2.\u0131) Her bir \u00fcyenin, tek hesab\u0131 bulunabilecektir. Bir \u00fcyenin birden fazla hesab\u0131n\u0131n bulundu\u011fu hususunun tespiti halinde, sahteli\u011fi tespit edilen hesaplar\u0131n \u00fcyeye bildirimde bulunmaks\u0131z\u0131n kapat\u0131lmas\u0131 ve\/veya dondurulmas\u0131 tamamen Serowax\u2019un takdirinde bulunuyor olup; \u00fcye taraf\u0131ndan bu husus kabul ve taahh\u00fct edilmektedir. Birden fazla hesap ile sistemden kazan\u00e7 elde etmeye \u00e7al\u0131\u015fan \u00fcyenin bu kazan\u0131mlar\u0131 korunmaz ve ihlal halinin birden fazla kez vuku bulmas\u0131 halinde ilgili ayk\u0131r\u0131l\u0131k \u00fcye s\u00f6zle\u015fmesinin esasl\u0131 ihlal hallerinden olaca\u011f\u0131ndan, Serowax\u2019un \u00fcyelikten \u00e7\u0131karma d\u00e2hil sair yasal yollara ba\u015fvurma hakk\u0131 sakl\u0131d\u0131r.<br \/>\n2.j) \u0130\u015fbu web siteye girilmesi, sitenin ya da sitedeki bilgilerin ve di\u011fer verilerin programlar\u0131n vs. kullan\u0131lmas\u0131 sebebiyle, s\u00f6zle\u015fmenin ihlali, haks\u0131z fiil ya da ba\u015fkaca sebeplere binaen, do\u011fabilecek do\u011frudan ya da dolayl\u0131 hi\u00e7bir zarardan Serowax\u2019un sorumlu de\u011fildir. Serowax\u2019un s\u00f6zle\u015fmenin ihlali, haks\u0131z fiil ya da ba\u015fkaca sebeplere binaen i\u015flemin kesintiye u\u011framas\u0131 vs. nedenlerle olu\u015fabilecek zararlardan sorumlu de\u011fildir. \u00dcye taraf\u0131ndan bu husus kabul edilmi\u015f bulunmaktad\u0131r.<br \/>\n2.k) \u00dcyenin, www.Serowax.com web sitesi \u00fczerinden i\u015flem ger\u00e7ekle\u015ftirebilmek i\u00e7in ihtiya\u00e7 duydu\u011fu kullan\u0131c\u0131 ad\u0131 ve \u015fifre bilgisi, \u00fcye taraf\u0131ndan olu\u015fturulmakta olup, s\u00f6z konusu bilgilerin g\u00fcvenli\u011fi ve gizlili\u011fi tamamen \u00fcyenin sorumlulu\u011fundad\u0131r. \u00dcye, kendisine ait kullan\u0131c\u0131 ad\u0131 ve \u015fifre ile ger\u00e7ekle\u015ftirilen i\u015flemlerin kendisi taraf\u0131ndan ger\u00e7ekle\u015ftirilmi\u015f oldu\u011funu, bu i\u015flemlerden kaynaklanan sorumlulu\u011funun pe\u015finen kendisine ait oldu\u011funu, bu \u015fekilde ger\u00e7ekle\u015ftirilen i\u015f ve i\u015flemleri kendisinin ger\u00e7ekle\u015ftirmedi\u011fi yolunda herhangi bir def\u2019i ve\/veya itiraz ileri s\u00fcremeyece\u011fini ve\/veya bu def\u2019i veya itiraza dayanarak y\u00fck\u00fcml\u00fcl\u00fcklerini yerine getirmekten ka\u00e7\u0131nmayaca\u011f\u0131n\u0131 kabul, beyan ve taahh\u00fct eder.<br \/>\n2.l) Serowax\u2019un, bu site ve site uzant\u0131s\u0131nda mevcut her t\u00fcr hizmet, \u00fcr\u00fcn, siteyi kullanma ko\u015fullar\u0131 ile sitede sunulan bilgileri \u00f6nceden bir ihtara gerek olmaks\u0131z\u0131n de\u011fi\u015ftirme, siteyi yeniden organize etme, yay\u0131n\u0131 durdurma hakk\u0131n\u0131 sakl\u0131 tutar. De\u011fi\u015fiklikler sitede yay\u0131m an\u0131nda y\u00fcr\u00fcrl\u00fc\u011fe girer. Sitenin kullan\u0131m\u0131 ya da siteye giri\u015f ile bu de\u011fi\u015fiklikler de kabul edilmi\u015f say\u0131l\u0131r.<br \/>\n2.m) 5237 say\u0131l\u0131 T\u00fcrk Ceza Kanunu ve y\u00fcr\u00fcrl\u00fckteki di\u011fer mevzuat uyar\u0131nca su\u00e7 ve\/veya kabahat te\u015fkil eden herhangi bir fiil ile www.Serowax.com internet sitesinden herhangi bir haks\u0131z ve\/veya hukuka ayk\u0131r\u0131 bir kazan\u0131m elde edilmesi ve Serowax\u2019un bu yolla herhangi bir zarara u\u011framas\u0131 halinde Serowax\u2019un zarara u\u011fratan \u00fcye hakk\u0131nda, herhangi bir ihtara, ihbara ve \u00fc\u00e7\u00fcnc\u00fc ki\u015filerin onay\u0131na gerek olmaks\u0131z\u0131n, u\u011frad\u0131\u011f\u0131 kar kayb\u0131 ve adli ve\/veya idari para cezalar\u0131 dahil ancak bununla s\u0131n\u0131rl\u0131 olmamak \u00fczere t\u00fcm zararlar\u0131n\u0131, \u00fc\u00e7\u00fcnc\u00fc ki\u015fi taleplerinden do\u011fan tazminat borcu dahil ancak bunlarla s\u0131n\u0131rl\u0131 olmamak \u00fczere yapt\u0131\u011f\u0131 veya ileride yapaca\u011f\u0131 t\u00fcm \u00f6demeleri ve masraflar\u0131 (mahkeme masraflar\u0131, para cezalar\u0131, vergi, resim, har\u00e7 dahil fakat bunlarla s\u0131n\u0131rl\u0131 olmamak \u00fczere her t\u00fcrl\u00fc giderler) talep edebilecektir.<br \/>\n3. F\u0130KR\u0130 M\u00dcLK\u0130YET<br \/>\n3.a) www.Serowax.com web sitesinde bulunan hi\u00e7bir materyaller (resimler, grafikler, logo vb.); \u00f6nceden izin al\u0131nmadan ve kaynak g\u00f6sterilmeden, kod ve yaz\u0131l\u0131m da dahil olmak \u00fczere, de\u011fi\u015ftirilemez, kopyalanamaz, \u00e7o\u011falt\u0131lamaz, ba\u015fka bir lisana \u00e7evrilemez, yeniden yay\u0131mlanamaz, ba\u015fka bir bilgisayara y\u00fcklenemez, postalanamaz, iletilemez, sunulamaz ya da da\u011f\u0131t\u0131lamaz. \u0130nternet sitesinin b\u00fct\u00fcn\u00fc veya bir k\u0131sm\u0131 ba\u015fka bir internet sitesinde izinsiz olarak kullan\u0131lamaz. Aksine hareketler hukuki ve cezai sorumlulu\u011fu gerektirir Serowax\u2019un burada a\u00e7\u0131k\u00e7a belirtilmeyen sair t\u00fcm haklar\u0131 sakl\u0131d\u0131r. \u00dcyenin, Serowax\u2019un fikri ve s\u0131nai m\u00fclkiyet haklar\u0131n\u0131 herhangi bir \u015fekilde ihlal etmesi halinde Serowax\u2019un u\u011frad\u0131\u011f\u0131 ve\/veya ileride herhangi bir zamanda u\u011frayabilece\u011fi t\u00fcm do\u011frudan ve dolayl\u0131 zararlar\u0131n tazminini talep edebilecektir.<br \/>\n4. G\u0130ZL\u0130L\u0130K<br \/>\n4.a) Serowax\u2019un, yukar\u0131daki \u015fartlar dahilinde \u00fcyenin kendisi ile payla\u015ft\u0131\u011f\u0131 ki\u015fisel verilerinin 6698 say\u0131l\u0131 Ki\u015fisel Verilerin Korunmas\u0131 Kanunu vs. yasal mevzuat \u00e7er\u00e7evesinde i\u015flenmesine, g\u00fcvenli\u011finin sa\u011flanmas\u0131na ve korunmas\u0131na \u00f6nem vermektedir. \u00dcye, yukar\u0131da g\u00f6sterilen \u015fartlar dahilinde ki\u015fisel verilerinin toplanmas\u0131na, kullan\u0131lmas\u0131na, aktar\u0131lmas\u0131na ve di\u011fer \u015fekillerde i\u015flenmesine a\u00e7\u0131k bir \u015fekilde ve \u00f6zg\u00fcr iradesiyle r\u0131za g\u00f6stermektedir. \u00dcye taraf\u0131ndan siteye kay\u0131t formunda belirtilen ve daha sonra kendisi taraf\u0131ndan g\u00fcncellenen adres, e-posta adresi, sabit ve mobil telefon hatlar\u0131 ve di\u011fer ileti\u015fim bilgileri \u00fczerinden mektup, e-posta, SMS, telefon g\u00f6r\u00fc\u015fmesi ve di\u011fer yollarla kullan\u0131c\u0131ya ileti\u015fim, pazarlama, bildirim ve di\u011fer ama\u00e7larla kullan\u0131c\u0131ya ula\u015fma hakk\u0131 bulunmaktad\u0131r. Kullan\u0131c\u0131 bu s\u00f6zle\u015fmeyi kabul etmekle aksine bir yaz\u0131l\u0131 bildirimi olmad\u0131\u011f\u0131 m\u00fcddet\u00e7e Serowax\u2019un taraf\u0131ndan kendisine y\u00f6nelik yukar\u0131da belirtilen ileti\u015fim faaliyetlerinde bulunabilece\u011fini kabul ve beyan etmektedir.<br \/>\n4.b) Serowax\u2019un i\u015fbu s\u00f6zle\u015fmenin 2.g) maddesi \u00e7er\u00e7evesinde y\u00fcr\u00fcrl\u00fckteki mevzuat uyar\u0131nca yetkili makamlar\u0131n talebi halinde, \u00dcyenin kendisinde bulunan bilgilerini s\u00f6z konusu makamlarla payla\u015fabilecektir. \u00dcye, ki\u015fisel verilerinin bilgilerinin Serowax\u2019un taraf\u0131ndan bu \u015fekilde kullan\u0131m\u0131na ve saklanmas\u0131na r\u0131za g\u00f6sterdi\u011fini kabul ve beyan eder. Serowax\u2019un, s\u00f6z konusu ki\u015fisel verilerin 6698 Say\u0131l\u0131 Ki\u015fisel Verilerin Korunmas\u0131 Kanununun 12. Maddesi uyar\u0131nca g\u00fcvenli \u015fekilde saklanmas\u0131, yetkisiz eri\u015fimlerin ve hukuka ayk\u0131r\u0131 veri i\u015flemelerin \u00f6nlenmesi i\u00e7in gereken her t\u00fcrl\u00fc tedbiri alacakt\u0131r. \u00dcye, ki\u015fisel verileri \u00fczerinde 6698 Say\u0131l\u0131 Ki\u015fisel Verilerin Korunmas\u0131 Kanununun 11. Maddesi uyar\u0131nca sahip oldu\u011fu haklar\u0131 kullanma ve bu verilerinde diledi\u011fi zaman de\u011fi\u015fiklik veya g\u00fcncelleme yapma hakk\u0131na sahiptir.<br \/>\n5. M\u00dcCB\u0130R SEBEP<br \/>\n5.a) M\u00fccbir Sebep\u2019e maruz kalan taraf i\u015fbu \u00fcyelik s\u00f6zle\u015fmesi \u00e7er\u00e7evesinde yerine getirmekle y\u00fck\u00fcml\u00fc oldu\u011fu edimlerini ifa edemez ise sorumlulu\u011fu do\u011fmayacakt\u0131r. M\u00fccbir sebebin tayini 6098 Say\u0131l\u0131 T\u00fcrk Bor\u00e7lar Kanunu ve 4751 Say\u0131l\u0131 T\u00fcr Medeni Kanun madde 2 ve madde 3 h\u00fck\u00fcmleri minvalinde takdir ve tayin edilecektir. M\u00fccbir sebebe maruz kalan taraf, m\u00fccbir sebep sonucunda engellenen veya geciken y\u00fck\u00fcml\u00fcl\u00fcklerinden dolay\u0131 sorumlu tutulamaz ve bu durum i\u015fbu \u00dcyelik S\u00f6zle\u015fmesi\u2019nin bir ihlali olarak kabul edilemez.<br \/>\n6. S\u00d6ZLE\u015eMEN\u0130N SONA ERD\u0130R\u0130LMES\u0130<br \/>\n6.a) \u00dcye kay\u0131t i\u015flemini tamamlad\u0131\u011f\u0131 andan itibaren bu s\u00f6zle\u015fmede belirtilen \u015fartlar\u0131 kabul etmi\u015f ve i\u015f bu s\u00f6zle\u015fme y\u00fcr\u00fcrl\u00fc\u011fe girmi\u015f say\u0131l\u0131r. S\u00f6zle\u015fme, \u00fcyeli\u011fin sona ermesi ile ve\/veya i\u015fbu s\u00f6zle\u015fmede say\u0131lan fesih hallerinden herhangi birinin ger\u00e7ekle\u015fmesi ile hi\u00e7bir uyar\u0131ya gerek kalmaks\u0131z\u0131n kendili\u011finden sona erecek ve h\u00fck\u00fcms\u00fcz kalacakt\u0131r.<\/p>\n","protected":false},"excerpt":{"rendered":"<p>TARAFLAR 1.a) \u0130\u015fbu gizlilik s\u00f6zle\u015fmesi Serowax ile \u201c\u00fcye\u201d aras\u0131nda yap\u0131lm\u0131\u015f olup; \u00fcyenin, Serowax\u2019un b\u00fcnyesinde faaliyet g\u00f6steren, www.Serowax.com isimli web sitesinde sunulan hizmetlerden faydalanmas\u0131na ili\u015fkin ko\u015fullar\u0131 ihtiva etmektedir. 1.b) Serowax\u2019un ile \u201c\u00fcye\u201d m\u00fcnferiden \u201ctaraf\u201d; m\u00fc\u015ftereken \u201ctaraflar\u201d olarak isimlendirilecektir. 2. \u00dcYEL\u0130K S\u00d6ZLE\u015eMES\u0130N\u0130N KONUSU 2.a) \u0130\u015fbu S\u00f6zle\u015fme\u2019nin konusu Serowax\u2019un sahip oldu\u011fu www.Serowax.com web sitesinin genel kullan\u0131m \u015fartlar\u0131, kurallar,&#8230;<\/p>\n","protected":false},"author":1,"featured_media":0,"parent":0,"menu_order":0,"comment_status":"closed","ping_status":"closed","template":"","meta":{"_joinchat":[],"footnotes":""},"class_list":["post-1311","page","type-page","status-publish","hentry"],"_links":{"self":[{"href":"https:\/\/serowax.com\/en\/wp-json\/wp\/v2\/pages\/1311","targetHints":{"allow":["GET"]}}],"collection":[{"href":"https:\/\/serowax.com\/en\/wp-json\/wp\/v2\/pages"}],"about":[{"href":"https:\/\/serowax.com\/en\/wp-json\/wp\/v2\/types\/page"}],"author":[{"embeddable":true,"href":"https:\/\/serowax.com\/en\/wp-json\/wp\/v2\/users\/1"}],"replies":[{"embeddable":true,"href":"https:\/\/serowax.com\/en\/wp-json\/wp\/v2\/comments?post=1311"}],"version-history":[{"count":2,"href":"https:\/\/serowax.com\/en\/wp-json\/wp\/v2\/pages\/1311\/revisions"}],"predecessor-version":[{"id":2293,"href":"https:\/\/serowax.com\/en\/wp-json\/wp\/v2\/pages\/1311\/revisions\/2293"}],"wp:attachment":[{"href":"https:\/\/serowax.com\/en\/wp-json\/wp\/v2\/media?parent=1311"}],"curies":[{"name":"wp","href":"https:\/\/api.w.org\/{rel}","templated":true}]}}