{"id":1309,"date":"2021-01-21T07:13:46","date_gmt":"2021-01-21T07:13:46","guid":{"rendered":"https:\/\/tekkaplan.com\/?page_id=1309"},"modified":"2021-03-11T14:27:08","modified_gmt":"2021-03-11T11:27:08","slug":"guvenli-alisveris","status":"publish","type":"page","link":"https:\/\/serowax.com\/ru\/guvenli-alisveris\/","title":{"rendered":"G\u00fcvenli Al\u0131\u015fveri\u015f"},"content":{"rendered":"<p><strong>KRED\u0130 KARTI B\u0130LG\u0130LER\u0130N\u0130N G\u00dcVENL\u0130\u011e\u0130<\/strong><br \/>\nBu web site \u00fczerinden yap\u0131lan al\u0131\u015fveri\u015flerde, al\u0131\u015fveri\u015f s\u0131ras\u0131nda kullan\u0131c\u0131lar\u0131n girdi\u011fi fatura bilgileri ve kredi kart\u0131na ait bilgiler hi\u00e7bir \u015fekilde \u00fc\u00e7\u00fcnc\u00fc \u015fah\u0131slara iletilmez. Ayr\u0131ca kredi kart\u0131 \u00fczerinde yazan bilgilerce doldurulmu\u015f alanlar ise kullan\u0131c\u0131 g\u00fcvenli\u011fi i\u00e7in kay\u0131t ald\u0131nda tutulmaz.<\/p>\n<p><strong>3D G\u00dcVENL\u0130K KORUMASI<\/strong><br \/>\nBu web site \u00fczerinden yap\u0131lan al\u0131\u015fveri\u015flerde, al\u0131\u015fveri\u015f s\u0131ras\u0131nda kullan\u0131c\u0131lar\u0131n girdi\u011fi fatura bilgileri ve kredi kart\u0131na ait bilgiler hi\u00e7bir \u015fekilde \u00fc\u00e7\u00fcnc\u00fc \u015fah\u0131slara iletilmez. Ayr\u0131ca kredi kart\u0131 \u00fczerinde yazan bilgilerce doldurulmu\u015f alanlar ise kullan\u0131c\u0131 g\u00fcvenli\u011fi i\u00e7in kay\u0131t ald\u0131nda tutulmaz.3D G\u00fcvenlik Korumas\u0131, online al\u0131\u015fveri\u015flerin g\u00fcvenli\u011fini sa\u011flamak amac\u0131yla kart kurulu\u015flar\u0131 taraf\u0131ndan geli\u015ftirilmi\u015f bir kimlik do\u011frulama sistemidir. \u0130nternetten yap\u0131lan her al\u0131\u015fveri\u015fte cep telefonuna gelen benzersiz parola ile kredi kart\u0131ndan \u00e7ekim i\u015flemini onaylama i\u015flemi olarak da bilinir. Visa Kredi Kartlar\u0131 i\u00e7in kullan\u0131lan uygulamas\u0131na \u201cVerified by Visa\u201d, MasterCard i\u00e7in olan\u0131na ise \u201cSecureCode\u201d ad\u0131 verilir.Bu y\u00f6ntemle yap\u0131lan al\u0131\u015fveri\u015fin ge\u00e7erli say\u0131labilmesi i\u00e7in, kart sahibinin yap\u0131lan i\u015flemi, kendine verilen \u00f6zel bir parola ile onaylamas\u0131 gerekir. Bu parola da ki\u015finin cep telefonu numaras\u0131na SMS olarak g\u00f6nderilir. serowax.com\u2019dan yap\u0131lacak olan al\u0131\u015fveri\u015flerde, kredi kart\u0131n\u0131z\u0131n ba\u011fl\u0131 oldu\u011fu banka bu 3D G\u00fcvenlik destekli ise e\u011fer \u00f6demenizi bu \u015fekilde ger\u00e7ekle\u015ftirebilirsiniz.<\/p>\n<p><strong>K\u0130\u015e\u0130SEL B\u0130LG\u0130LER\u0130N D\u00dcZENLENMES\u0130 VE S\u0130L\u0130NMES\u0130<\/strong><br \/>\nserowax.com ki\u015fisel bilgilerinizin d\u00fczenlenmesi veya silinmesi i\u00e7in e-posta veya posta g\u00f6ndererek talepte bulunabilirsiniz. Ancak komple bir iptal talebi kullan\u0131lan servis \u00fczerinde olumsuz bir etkiye neden olabilir. Bu sebeple d\u00fczenlenmesini \u00f6nerilir, silinmesini \u00f6nerilmez.<\/p>\n","protected":false},"excerpt":{"rendered":"<p>KRED\u0130 KARTI B\u0130LG\u0130LER\u0130N\u0130N G\u00dcVENL\u0130\u011e\u0130 Bu web site \u00fczerinden yap\u0131lan al\u0131\u015fveri\u015flerde, al\u0131\u015fveri\u015f s\u0131ras\u0131nda kullan\u0131c\u0131lar\u0131n girdi\u011fi fatura bilgileri ve kredi kart\u0131na ait bilgiler hi\u00e7bir \u015fekilde \u00fc\u00e7\u00fcnc\u00fc \u015fah\u0131slara iletilmez. Ayr\u0131ca kredi kart\u0131 \u00fczerinde yazan bilgilerce doldurulmu\u015f alanlar ise kullan\u0131c\u0131 g\u00fcvenli\u011fi i\u00e7in kay\u0131t ald\u0131nda tutulmaz. 3D G\u00dcVENL\u0130K KORUMASI Bu web site \u00fczerinden yap\u0131lan al\u0131\u015fveri\u015flerde, al\u0131\u015fveri\u015f s\u0131ras\u0131nda kullan\u0131c\u0131lar\u0131n girdi\u011fi fatura&#8230;<\/p>\n","protected":false},"author":1,"featured_media":0,"parent":0,"menu_order":0,"comment_status":"closed","ping_status":"closed","template":"","meta":{"_joinchat":[],"footnotes":""},"class_list":["post-1309","page","type-page","status-publish","hentry"],"_links":{"self":[{"href":"https:\/\/serowax.com\/ru\/wp-json\/wp\/v2\/pages\/1309","targetHints":{"allow":["GET"]}}],"collection":[{"href":"https:\/\/serowax.com\/ru\/wp-json\/wp\/v2\/pages"}],"about":[{"href":"https:\/\/serowax.com\/ru\/wp-json\/wp\/v2\/types\/page"}],"author":[{"embeddable":true,"href":"https:\/\/serowax.com\/ru\/wp-json\/wp\/v2\/users\/1"}],"replies":[{"embeddable":true,"href":"https:\/\/serowax.com\/ru\/wp-json\/wp\/v2\/comments?post=1309"}],"version-history":[{"count":2,"href":"https:\/\/serowax.com\/ru\/wp-json\/wp\/v2\/pages\/1309\/revisions"}],"predecessor-version":[{"id":2291,"href":"https:\/\/serowax.com\/ru\/wp-json\/wp\/v2\/pages\/1309\/revisions\/2291"}],"wp:attachment":[{"href":"https:\/\/serowax.com\/ru\/wp-json\/wp\/v2\/media?parent=1309"}],"curies":[{"name":"wp","href":"https:\/\/api.w.org\/{rel}","templated":true}]}}