{"id":1317,"date":"2021-01-21T07:12:34","date_gmt":"2021-01-21T07:12:34","guid":{"rendered":"https:\/\/tekkaplan.com\/?page_id=1317"},"modified":"2021-03-11T14:27:16","modified_gmt":"2021-03-11T11:27:16","slug":"sartlar-kosullar","status":"publish","type":"page","link":"https:\/\/serowax.com\/ru\/sartlar-kosullar\/","title":{"rendered":"\u015eartlar Ko\u015fullar"},"content":{"rendered":"<p><strong>GARANT\u0130<\/strong><br \/>\nserowax.com\u2019daki t\u00fcm \u00fcr\u00fcnler, ki\u015fiye \u00f6zel \u00fcretildi\u011fi \u00fczere bu sayfada aksi belirtilmedi\u011fi s\u00fcrece garantili de\u011fildir.<\/p>\n<p><strong>\u0130ADE VE DE\u011e\u0130\u015e\u0130M<\/strong><br \/>\nserowax.com \u00fcr\u00fcnlerinin sipari\u015f teslimat\u0131nda hatal\u0131 \u00e7\u0131kmas\u0131 halinde, teslimat tarihinden itibaren en ge\u00e7 3 i\u015f g\u00fcn i\u00e7erisinde yetkililerimizle iade \/ de\u011fi\u015fim i\u00e7in ileti\u015fim kurman\u0131z gerekmektedir. Bu bilgileri takiben kargo \u015firketi ile bize ula\u015ft\u0131raca\u011f\u0131n\u0131z hatal\u0131 \u00fcr\u00fcn tekrar \u00fcretilerek yenisi ile de\u011fi\u015ftirilecektir veya iadesi yap\u0131lacakt\u0131r. Bu t\u00fcr hatal\u0131 \u00fcr\u00fcn de\u011fi\u015fimleriyle ilgili geri d\u00f6n\u00fc\u015f kargo \u00fccretleri serowax.com\u2019a aittir, m\u00fc\u015fteriye yans\u0131t\u0131lmaz.<\/p>\n<p>Sipari\u015f edilen \u00fcr\u00fcn hatas\u0131 m\u00fc\u015fteri kullan\u0131m\u0131 dolay\u0131s\u0131yla olu\u015fmu\u015f ya da 3 i\u015f g\u00fcnl\u00fck s\u00fcre i\u00e7erisinde \u00fcr\u00fcn kullan\u0131lm\u0131\u015fsa \u00fcr\u00fcn\u00fcn iade veya de\u011fi\u015fimi yap\u0131lmaz. Bu durumda, \u00fcr\u00fcn iadesi ve de\u011fi\u015ftirme \u015fartlar\u0131 olarak, 4077 say\u0131l\u0131 T\u00fcketicinin Korunmas\u0131 hakk\u0131ndaki yasa gere\u011fi uygulamalar esast\u0131r.<\/p>\n<p>1. \u00dcr\u00fcnler ki\u015fiye \u00f6zel olarak \u00fcretildi\u011fi sebebi ile tekrar sat\u0131labilirlik \u00f6zelli\u011finde olmad\u0131\u011f\u0131ndan, ba\u015fka bir m\u00fc\u015fteri taraf\u0131ndan sat\u0131n al\u0131namayacak durumdad\u0131r. Dolay\u0131s\u0131 ile serowax.com taraf\u0131ndan hasarl\u0131 olarak g\u00f6nderilen \u00fcr\u00fcnler d\u0131\u015f\u0131nda iade ve de\u011fi\u015fim kabul edilmemektedir.<br \/>\n2. Hasarl\u0131 olan \u00fcr\u00fcnler i\u00e7in iade \/ de\u011fi\u015fim talep etmek istedi\u011finiz \u00fcr\u00fcn\u00fcn faturas\u0131 serowax.com taraf\u0131ndan kurumsal kesilmi\u015f ise, \u00fcr\u00fcn\u00fc geri iade ederken kurumun d\u00fczenlemi\u015f oldu\u011fu iade faturas\u0131 ile birlikte g\u00f6ndermeniz gerekmektedir. \u0130ade faturas\u0131, kargo pay\u0131 dahil edilmeden, sadece \u201c\u00dcr\u00fcn Matrah\u0131 + KDV\u201d \u015feklinde d\u00fczenlenmelidir. Faturas\u0131 kurumsal olarak d\u00fczenlenen sipari\u015flerin iadesi \u201ciade faturas\u0131\u201d d\u00fczenlenmedi\u011fi takdirde tamamlanamayacakt\u0131r.<br \/>\n3. M\u00fc\u015fteri taraf\u0131ndan g\u00f6nderilen iade \/ de\u011fi\u015fim \u00fcr\u00fcn i\u015flemleri 3 i\u015f g\u00fcn\u00fc i\u00e7erisinde incelenerek, konu hakk\u0131nda m\u00fc\u015fteriye ayr\u0131nt\u0131l\u0131 bilgi verilir.<\/p>\n","protected":false},"excerpt":{"rendered":"<p>GARANT\u0130 serowax.com\u2019daki t\u00fcm \u00fcr\u00fcnler, ki\u015fiye \u00f6zel \u00fcretildi\u011fi \u00fczere bu sayfada aksi belirtilmedi\u011fi s\u00fcrece garantili de\u011fildir. \u0130ADE VE DE\u011e\u0130\u015e\u0130M serowax.com \u00fcr\u00fcnlerinin sipari\u015f teslimat\u0131nda hatal\u0131 \u00e7\u0131kmas\u0131 halinde, teslimat tarihinden itibaren en ge\u00e7 3 i\u015f g\u00fcn i\u00e7erisinde yetkililerimizle iade \/ de\u011fi\u015fim i\u00e7in ileti\u015fim kurman\u0131z gerekmektedir. Bu bilgileri takiben kargo \u015firketi ile bize ula\u015ft\u0131raca\u011f\u0131n\u0131z hatal\u0131 \u00fcr\u00fcn tekrar \u00fcretilerek yenisi&#8230;<\/p>\n","protected":false},"author":1,"featured_media":0,"parent":0,"menu_order":0,"comment_status":"closed","ping_status":"closed","template":"","meta":{"_joinchat":[],"footnotes":""},"class_list":["post-1317","page","type-page","status-publish","hentry"],"_links":{"self":[{"href":"https:\/\/serowax.com\/ru\/wp-json\/wp\/v2\/pages\/1317","targetHints":{"allow":["GET"]}}],"collection":[{"href":"https:\/\/serowax.com\/ru\/wp-json\/wp\/v2\/pages"}],"about":[{"href":"https:\/\/serowax.com\/ru\/wp-json\/wp\/v2\/types\/page"}],"author":[{"embeddable":true,"href":"https:\/\/serowax.com\/ru\/wp-json\/wp\/v2\/users\/1"}],"replies":[{"embeddable":true,"href":"https:\/\/serowax.com\/ru\/wp-json\/wp\/v2\/comments?post=1317"}],"version-history":[{"count":2,"href":"https:\/\/serowax.com\/ru\/wp-json\/wp\/v2\/pages\/1317\/revisions"}],"predecessor-version":[{"id":2292,"href":"https:\/\/serowax.com\/ru\/wp-json\/wp\/v2\/pages\/1317\/revisions\/2292"}],"wp:attachment":[{"href":"https:\/\/serowax.com\/ru\/wp-json\/wp\/v2\/media?parent=1317"}],"curies":[{"name":"wp","href":"https:\/\/api.w.org\/{rel}","templated":true}]}}